{"id":1119,"date":"2016-11-23T17:48:22","date_gmt":"2016-11-23T17:48:22","guid":{"rendered":"https:\/\/fokustalent.com\/en\/linkedin-4\/"},"modified":"2016-12-29T15:39:37","modified_gmt":"2016-12-29T15:39:37","slug":"linkedin-4","status":"publish","type":"page","link":"https:\/\/fokustalent.com\/en\/linkedin-4\/","title":{"rendered":"Linkedin 4"},"content":{"rendered":"<p>[fusion_builder_container background_color=&#8221;&#8221; background_image=&#8221;&#8221; background_parallax=&#8221;none&#8221; enable_mobile=&#8221;no&#8221; parallax_speed=&#8221;0.3&#8243; background_repeat=&#8221;no-repeat&#8221; background_position=&#8221;left top&#8221; video_url=&#8221;&#8221; video_aspect_ratio=&#8221;16:9&#8243; video_webm=&#8221;&#8221; video_mp4=&#8221;&#8221; video_ogv=&#8221;&#8221; video_preview_image=&#8221;&#8221; overlay_color=&#8221;&#8221; overlay_opacity=&#8221;0.5&#8243; video_mute=&#8221;yes&#8221; video_loop=&#8221;yes&#8221; fade=&#8221;no&#8221; border_size=&#8221;0px&#8221; border_color=&#8221;&#8221; border_style=&#8221;solid&#8221; padding_top=&#8221;25&#8243; padding_bottom=&#8221;0&#8243; padding_left=&#8221;0&#8243; padding_right=&#8221;0&#8243; hundred_percent=&#8221;no&#8221; equal_height_columns=&#8221;no&#8221; hide_on_mobile=&#8221;no&#8221; menu_anchor=&#8221;&#8221; class=&#8221;&#8221; id=&#8221;&#8221;][fusion_builder_row][fusion_builder_column type=&#8221;1_1&#8243; background_position=&#8221;left top&#8221; background_color=&#8221;&#8221; border_size=&#8221;&#8221; border_color=&#8221;&#8221; border_style=&#8221;solid&#8221; spacing=&#8221;yes&#8221; background_image=&#8221;&#8221; background_repeat=&#8221;no-repeat&#8221; padding=&#8221;&#8221; margin_top=&#8221;0px&#8221; margin_bottom=&#8221;0px&#8221; class=&#8221;&#8221; id=&#8221;&#8221; animation_type=&#8221;&#8221; animation_speed=&#8221;0.3&#8243; animation_direction=&#8221;left&#8221; hide_on_mobile=&#8221;no&#8221; center_content=&#8221;no&#8221; min_height=&#8221;none&#8221;][fusion_text]<img decoding=\"async\" class=\"size-medium wp-image-370 aligncenter\" src=\"https:\/\/fokustalent.com\/wp-content\/uploads\/2015\/06\/fokus-executive-300x69.png\" alt=\"Optics- photonics-mechatronics jobs\" width=\"300\" height=\"69\" \/>[\/fusion_text][\/fusion_builder_column][\/fusion_builder_row][\/fusion_builder_container][fusion_builder_container hundred_percent=&#8221;yes&#8221; overflow=&#8221;visible&#8221; margin_top=&#8221;&#8221; margin_bottom=&#8221;&#8221; background_color=&#8221;rgba(255,255,255,0)&#8221;][fusion_builder_row][fusion_builder_column type=&#8221;1_1&#8243; background_position=&#8221;left top&#8221; background_color=&#8221;&#8221; border_size=&#8221;&#8221; border_color=&#8221;&#8221; border_style=&#8221;solid&#8221; spacing=&#8221;yes&#8221; background_image=&#8221;&#8221; background_repeat=&#8221;no-repeat&#8221; padding=&#8221;&#8221; margin_top=&#8221;0px&#8221; margin_bottom=&#8221;0px&#8221; class=&#8221;&#8221; id=&#8221;&#8221; animation_type=&#8221;&#8221; animation_speed=&#8221;0.3&#8243; animation_direction=&#8221;left&#8221; hide_on_mobile=&#8221;no&#8221; center_content=&#8221;no&#8221; min_height=&#8221;none&#8221;][fusion_separator style_type=&#8221;shadow&#8221;   sep_color=&#8221;&#8221; border_size=&#8221;&#8221; icon=&#8221;&#8221; icon_circle=&#8221;&#8221; icon_circle_color=&#8221;&#8221; width=&#8221;&#8221; alignment=&#8221;center&#8221; class=&#8221;&#8221; id=&#8221;&#8221;\/][\/fusion_builder_column][\/fusion_builder_row][\/fusion_builder_container][fusion_builder_container background_color=&#8221;&#8221; background_image=&#8221;https:\/\/fokustalent.com\/wp-content\/uploads\/2016\/11\/Fokustalent-image-300&#215;189.png&#8221; background_parallax=&#8221;none&#8221; enable_mobile=&#8221;no&#8221; parallax_speed=&#8221;0.3&#8243; background_repeat=&#8221;no-repeat&#8221; background_position=&#8221;center center&#8221; video_url=&#8221;&#8221; video_aspect_ratio=&#8221;16:9&#8243; video_webm=&#8221;&#8221; video_mp4=&#8221;&#8221; video_ogv=&#8221;&#8221; video_preview_image=&#8221;&#8221; overlay_color=&#8221;&#8221; overlay_opacity=&#8221;0.5&#8243; video_mute=&#8221;yes&#8221; video_loop=&#8221;yes&#8221; fade=&#8221;no&#8221; border_size=&#8221;0px&#8221; border_color=&#8221;&#8221; border_style=&#8221;solid&#8221; padding_top=&#8221;20&#8243; padding_bottom=&#8221;0&#8243; padding_left=&#8221;40px&#8221; padding_right=&#8221;40px&#8221; hundred_percent=&#8221;no&#8221; equal_height_columns=&#8221;no&#8221; hide_on_mobile=&#8221;no&#8221; menu_anchor=&#8221;&#8221; class=&#8221;&#8221; id=&#8221;&#8221;][fusion_builder_row][fusion_builder_column type=&#8221;1_1&#8243; background_position=&#8221;left top&#8221; background_color=&#8221;&#8221; border_size=&#8221;&#8221; border_color=&#8221;&#8221; border_style=&#8221;solid&#8221; spacing=&#8221;yes&#8221; background_image=&#8221;&#8221; background_repeat=&#8221;no-repeat&#8221; padding=&#8221;&#8221; margin_top=&#8221;0px&#8221; margin_bottom=&#8221;0px&#8221; class=&#8221;&#8221; id=&#8221;&#8221; animation_type=&#8221;&#8221; animation_speed=&#8221;0.3&#8243; animation_direction=&#8221;left&#8221; hide_on_mobile=&#8221;no&#8221; center_content=&#8221;no&#8221; min_height=&#8221;none&#8221;][fusion_separator style_type=&#8221;none&#8221; top_margin=&#8221;30&#8243; bottom_margin=&#8221;&#8221; sep_color=&#8221;&#8221; border_size=&#8221;&#8221; icon=&#8221;&#8221; icon_circle=&#8221;&#8221; icon_circle_color=&#8221;&#8221; width=&#8221;&#8221; alignment=&#8221;center&#8221; class=&#8221;&#8221; id=&#8221;&#8221;\/][fusion_text]<\/p>\n<h2 class=\"t pg-1m0 pg-1x2 pg-1h3 pg-1y9 pg-1ff1 pg-1fs0 pg-1fc0 pg-1sc0 pg-1ls0 pg-1ws0\" style=\"text-align: center;\">Un r\u00e9seau d\u2019ing\u00e9nieurs et de cadres uniquement dans les secteurs : <span style=\"color: #870446;\">photonique optronique<\/span>\u00a0et <span style=\"color: #870446;\">m\u00e9catronique<\/span>.<\/h2>\n<p>[\/fusion_text][fusion_separator style_type=&#8221;none&#8221; top_margin=&#8221;60&#8243; bottom_margin=&#8221;&#8221; sep_color=&#8221;&#8221; border_size=&#8221;&#8221; icon=&#8221;&#8221; icon_circle=&#8221;&#8221; icon_circle_color=&#8221;&#8221; width=&#8221;&#8221; alignment=&#8221;center&#8221; class=&#8221;&#8221; id=&#8221;&#8221;\/][fusion_text]<\/p>\n<h2 style=\"text-align: center;\">65% des recrutements effectu\u00e9s pour nos clients ont \u00e9t\u00e9 r\u00e9alis\u00e9s avec un candidat qui n\u2019\u00e9tait pas actif sur le march\u00e9 de l\u2019emploi (pas attentif \u00e0 vos offres d\u2019emploi).<\/h2>\n<p>[\/fusion_text][fusion_separator style_type=&#8221;none&#8221; top_margin=&#8221;60&#8243; bottom_margin=&#8221;&#8221; sep_color=&#8221;&#8221; border_size=&#8221;&#8221; icon=&#8221;&#8221; icon_circle=&#8221;&#8221; icon_circle_color=&#8221;&#8221; width=&#8221;&#8221; alignment=&#8221;center&#8221; class=&#8221;&#8221; id=&#8221;&#8221;\/][fusion_text]<\/p>\n<h2 style=\"text-align: center;\">Nos clients et nos candidats sont bas\u00e9s en France, Belgique, Angleterre, Allemagne, Suisse et autres pays europ\u00e9ens.<\/h2>\n<p>[\/fusion_text][fusion_separator style_type=&#8221;none&#8221; top_margin=&#8221;30&#8243; bottom_margin=&#8221;&#8221; sep_color=&#8221;&#8221; border_size=&#8221;&#8221; icon=&#8221;&#8221; icon_circle=&#8221;&#8221; icon_circle_color=&#8221;&#8221; width=&#8221;&#8221; alignment=&#8221;center&#8221; class=&#8221;&#8221; id=&#8221;&#8221;\/][\/fusion_builder_column][\/fusion_builder_row][\/fusion_builder_container][fusion_builder_container background_color=&#8221;&#8221; background_image=&#8221;&#8221; background_parallax=&#8221;none&#8221; enable_mobile=&#8221;no&#8221; parallax_speed=&#8221;0.3&#8243; background_repeat=&#8221;no-repeat&#8221; background_position=&#8221;left top&#8221; video_url=&#8221;&#8221; video_aspect_ratio=&#8221;16:9&#8243; video_webm=&#8221;&#8221; video_mp4=&#8221;&#8221; video_ogv=&#8221;&#8221; video_preview_image=&#8221;&#8221; overlay_color=&#8221;&#8221; overlay_opacity=&#8221;0.5&#8243; video_mute=&#8221;yes&#8221; video_loop=&#8221;yes&#8221; fade=&#8221;no&#8221; border_size=&#8221;0px&#8221; border_color=&#8221;&#8221; border_style=&#8221;solid&#8221; padding_top=&#8221;10&#8243; padding_bottom=&#8221;20&#8243; padding_left=&#8221;40px&#8221; padding_right=&#8221;40px&#8221; hundred_percent=&#8221;no&#8221; equal_height_columns=&#8221;no&#8221; hide_on_mobile=&#8221;no&#8221; menu_anchor=&#8221;&#8221; class=&#8221;&#8221; id=&#8221;&#8221;][fusion_builder_row][fusion_builder_column type=&#8221;1_1&#8243; background_position=&#8221;left top&#8221; background_color=&#8221;&#8221; border_size=&#8221;&#8221; border_color=&#8221;&#8221; border_style=&#8221;solid&#8221; spacing=&#8221;yes&#8221; background_image=&#8221;&#8221; background_repeat=&#8221;no-repeat&#8221; padding=&#8221;&#8221; margin_top=&#8221;0px&#8221; margin_bottom=&#8221;0px&#8221; class=&#8221;&#8221; id=&#8221;&#8221; animation_type=&#8221;&#8221; animation_speed=&#8221;0.3&#8243; animation_direction=&#8221;left&#8221; hide_on_mobile=&#8221;no&#8221; center_content=&#8221;no&#8221; min_height=&#8221;none&#8221;][fusion_text]<\/p>\n<h1 style=\"text-align: center;\"><span style=\"color: #870446;\">Voulez-vous recevoir plus d&#8217;information? <\/span><\/h1>\n<h2 style=\"text-align: center;\"><span style=\"color: #000000;\">Il vous suffit de remplir le formulaire ci-dessous et nous vous\u00a0enverrons la pr\u00e9sentation compl\u00e8te.<\/span><\/h2>\n<p>[\/fusion_text][fusion_text]<img decoding=\"async\" class=\"size-full wp-image-260 aligncenter\" src=\"https:\/\/fokustalent.com\/wp-content\/uploads\/2015\/05\/1432047655_left_arrow-64.png\" alt=\"1432047655_left_arrow-64\" width=\"64\" height=\"64\" \/>[\/fusion_text][fusion_separator style_type=&#8221;none&#8221; top_margin=&#8221;30&#8243; bottom_margin=&#8221;&#8221; sep_color=&#8221;&#8221; border_size=&#8221;&#8221; icon=&#8221;&#8221; icon_circle=&#8221;&#8221; icon_circle_color=&#8221;&#8221; width=&#8221;&#8221; alignment=&#8221;center&#8221; class=&#8221;&#8221; id=&#8221;&#8221;\/][fusion_text][contact-form-7 id=&#8221;1117&#8243; title=&#8221;Linkedin 4&#8243;][\/fusion_text][fusion_separator style_type=&#8221;none&#8221; top_margin=&#8221;40&#8243; bottom_margin=&#8221;&#8221; sep_color=&#8221;&#8221; border_size=&#8221;&#8221; icon=&#8221;&#8221; icon_circle=&#8221;&#8221; icon_circle_color=&#8221;&#8221; width=&#8221;&#8221; alignment=&#8221;center&#8221; class=&#8221;&#8221; id=&#8221;&#8221;\/][fusion_text]<a href=\"https:\/\/fokustalent.com\"><img decoding=\"async\" class=\"size-medium wp-image-370 aligncenter\" src=\"https:\/\/fokustalent.com\/wp-content\/uploads\/2015\/06\/fokus-executive-300x69.png\" alt=\"Optics- photonics-mechatronics jobs\" width=\"300\" height=\"69\" \/><\/a>[\/fusion_text][fusion_text]<\/p>\n<p class=\"address\" style=\"text-align: center;\">Avenue de la Gare 10, Lausanne 1003 &#8211;\u00a0Phone: +41 (0)21 691 03 77 &#8211;\u00a0Email:\u00a0<a href=\"mailto:jobs@fokustalent.ch\">jobs@fokustalent.ch<\/a>\u00a0&#8211;\u00a0Web:\u00a0<a href=\"https:\/\/fokustalent.com\/www.fokustalent.com\">www.fokustalent.com<\/a><\/p>\n<p>[\/fusion_text][\/fusion_builder_column][\/fusion_builder_row][\/fusion_builder_container]<\/p>\n","protected":false},"excerpt":{"rendered":"<p>[fusion_builder_container background_color=&#8221;&#8221; background_image=&#8221;&#8221; background_parallax=&#8221;none&#8221; enable_mobile=&#8221;no&#8221; parallax_speed=&#8221;0.3&#8243; background_repeat=&#8221;no-repeat&#8221; background_position=&#8221;left top&#8221; video_url=&#8221;&#8221; video_aspect_ratio=&#8221;16:9&#8243; video_webm=&#8221;&#8221; video_mp4=&#8221;&#8221; video_ogv=&#8221;&#8221; video_preview_image=&#8221;&#8221; overlay_color=&#8221;&#8221; overlay_opacity=&#8221;0.5&#8243; video_mute=&#8221;yes&#8221; video_loop=&#8221;yes&#8221; fade=&#8221;no&#8221; border_size=&#8221;0px&#8221; border_color=&#8221;&#8221; border_style=&#8221;solid&#8221; padding_top=&#8221;25&#8243; padding_bottom=&#8221;0&#8243; padding_left=&#8221;0&#8243; padding_right=&#8221;0&#8243; hundred_percent=&#8221;no&#8221; equal_height_columns=&#8221;no&#8221; hide_on_mobile=&#8221;no&#8221; menu_anchor=&#8221;&#8221; class=&#8221;&#8221; id=&#8221;&#8221;][fusion_builder_row][fusion_builder_column type=&#8221;1_1&#8243; background_position=&#8221;left top&#8221; background_color=&#8221;&#8221; border_size=&#8221;&#8221; border_color=&#8221;&#8221; border_style=&#8221;solid&#8221; spacing=&#8221;yes&#8221; background_image=&#8221;&#8221; background_repeat=&#8221;no-repeat&#8221; padding=&#8221;&#8221; margin_top=&#8221;0px&#8221; margin_bottom=&#8221;0px&#8221; class=&#8221;&#8221; id=&#8221;&#8221; animation_type=&#8221;&#8221; animation_speed=&#8221;0.3&#8243; animation_direction=&#8221;left&#8221; hide_on_mobile=&#8221;no&#8221; center_content=&#8221;no&#8221; min_height=&#8221;none&#8221;][fusion_text][\/fusion_text][\/fusion_builder_column][\/fusion_builder_row][\/fusion_builder_container][fusion_builder_container hundred_percent=&#8221;yes&#8221; [&hellip;]<\/p>\n","protected":false},"author":1,"featured_media":0,"parent":0,"menu_order":0,"comment_status":"closed","ping_status":"closed","template":"","meta":{"footnotes":""},"class_list":["post-1119","page","type-page","status-publish","hentry"],"yoast_head":"<!-- This site is optimized with the Yoast SEO plugin v27.5 - https:\/\/yoast.com\/product\/yoast-seo-wordpress\/ -->\n<title>Linkedin 4 - FOKUS Talent<\/title>\n<meta name=\"robots\" content=\"index, follow, max-snippet:-1, max-image-preview:large, max-video-preview:-1\" \/>\n<link rel=\"canonical\" href=\"https:\/\/fokustalent.com\/en\/linkedin-4\/\" \/>\n<meta property=\"og:locale\" content=\"en_US\" \/>\n<meta property=\"og:type\" content=\"article\" \/>\n<meta property=\"og:title\" content=\"Linkedin 4 - FOKUS Talent\" \/>\n<meta property=\"og:description\" content=\"[fusion_builder_container background_color=&#8221;&#8221; background_image=&#8221;&#8221; background_parallax=&#8221;none&#8221; enable_mobile=&#8221;no&#8221; parallax_speed=&#8221;0.3&#8243; background_repeat=&#8221;no-repeat&#8221; background_position=&#8221;left top&#8221; video_url=&#8221;&#8221; video_aspect_ratio=&#8221;16:9&#8243; video_webm=&#8221;&#8221; video_mp4=&#8221;&#8221; video_ogv=&#8221;&#8221; video_preview_image=&#8221;&#8221; overlay_color=&#8221;&#8221; overlay_opacity=&#8221;0.5&#8243; video_mute=&#8221;yes&#8221; video_loop=&#8221;yes&#8221; fade=&#8221;no&#8221; border_size=&#8221;0px&#8221; border_color=&#8221;&#8221; border_style=&#8221;solid&#8221; padding_top=&#8221;25&#8243; padding_bottom=&#8221;0&#8243; padding_left=&#8221;0&#8243; padding_right=&#8221;0&#8243; hundred_percent=&#8221;no&#8221; equal_height_columns=&#8221;no&#8221; hide_on_mobile=&#8221;no&#8221; menu_anchor=&#8221;&#8221; class=&#8221;&#8221; id=&#8221;&#8221;][fusion_builder_row][fusion_builder_column type=&#8221;1_1&#8243; background_position=&#8221;left top&#8221; background_color=&#8221;&#8221; border_size=&#8221;&#8221; border_color=&#8221;&#8221; border_style=&#8221;solid&#8221; spacing=&#8221;yes&#8221; background_image=&#8221;&#8221; background_repeat=&#8221;no-repeat&#8221; padding=&#8221;&#8221; margin_top=&#8221;0px&#8221; margin_bottom=&#8221;0px&#8221; class=&#8221;&#8221; id=&#8221;&#8221; animation_type=&#8221;&#8221; animation_speed=&#8221;0.3&#8243; animation_direction=&#8221;left&#8221; hide_on_mobile=&#8221;no&#8221; center_content=&#8221;no&#8221; min_height=&#8221;none&#8221;][fusion_text][\/fusion_text][\/fusion_builder_column][\/fusion_builder_row][\/fusion_builder_container][fusion_builder_container hundred_percent=&#8221;yes&#8221; [&hellip;]\" \/>\n<meta property=\"og:url\" content=\"https:\/\/fokustalent.com\/en\/linkedin-4\/\" \/>\n<meta property=\"og:site_name\" content=\"FOKUS Talent\" \/>\n<meta property=\"article:modified_time\" content=\"2016-12-29T15:39:37+00:00\" \/>\n<meta property=\"og:image\" content=\"https:\/\/fokustalent.com\/wp-content\/uploads\/2015\/06\/fokus-executive-300x69.png\" \/>\n<meta name=\"twitter:card\" content=\"summary_large_image\" \/>\n<meta name=\"twitter:label1\" content=\"Est. reading time\" \/>\n\t<meta name=\"twitter:data1\" content=\"4 minutes\" \/>\n<script type=\"application\/ld+json\" class=\"yoast-schema-graph\">{\"@context\":\"https:\\\/\\\/schema.org\",\"@graph\":[{\"@type\":\"WebPage\",\"@id\":\"https:\\\/\\\/fokustalent.com\\\/en\\\/linkedin-4\\\/\",\"url\":\"https:\\\/\\\/fokustalent.com\\\/en\\\/linkedin-4\\\/\",\"name\":\"Linkedin 4 - FOKUS Talent\",\"isPartOf\":{\"@id\":\"https:\\\/\\\/fokustalent.com\\\/#website\"},\"primaryImageOfPage\":{\"@id\":\"https:\\\/\\\/fokustalent.com\\\/en\\\/linkedin-4\\\/#primaryimage\"},\"image\":{\"@id\":\"https:\\\/\\\/fokustalent.com\\\/en\\\/linkedin-4\\\/#primaryimage\"},\"thumbnailUrl\":\"https:\\\/\\\/fokustalent.com\\\/wp-content\\\/uploads\\\/2015\\\/06\\\/fokus-executive-300x69.png\",\"datePublished\":\"2016-11-23T17:48:22+00:00\",\"dateModified\":\"2016-12-29T15:39:37+00:00\",\"breadcrumb\":{\"@id\":\"https:\\\/\\\/fokustalent.com\\\/en\\\/linkedin-4\\\/#breadcrumb\"},\"inLanguage\":\"en-US\",\"potentialAction\":[{\"@type\":\"ReadAction\",\"target\":[\"https:\\\/\\\/fokustalent.com\\\/en\\\/linkedin-4\\\/\"]}]},{\"@type\":\"ImageObject\",\"inLanguage\":\"en-US\",\"@id\":\"https:\\\/\\\/fokustalent.com\\\/en\\\/linkedin-4\\\/#primaryimage\",\"url\":\"https:\\\/\\\/fokustalent.com\\\/wp-content\\\/uploads\\\/2015\\\/06\\\/fokus-executive-300x69.png\",\"contentUrl\":\"https:\\\/\\\/fokustalent.com\\\/wp-content\\\/uploads\\\/2015\\\/06\\\/fokus-executive-300x69.png\"},{\"@type\":\"BreadcrumbList\",\"@id\":\"https:\\\/\\\/fokustalent.com\\\/en\\\/linkedin-4\\\/#breadcrumb\",\"itemListElement\":[{\"@type\":\"ListItem\",\"position\":1,\"name\":\"Home\",\"item\":\"https:\\\/\\\/fokustalent.com\\\/\"},{\"@type\":\"ListItem\",\"position\":2,\"name\":\"Linkedin 4\"}]},{\"@type\":\"WebSite\",\"@id\":\"https:\\\/\\\/fokustalent.com\\\/#website\",\"url\":\"https:\\\/\\\/fokustalent.com\\\/\",\"name\":\"FOKUS Talent\",\"description\":\"Recrutement dans la m\u00e9catronique et l&#039;automation\",\"publisher\":{\"@id\":\"https:\\\/\\\/fokustalent.com\\\/#organization\"},\"potentialAction\":[{\"@type\":\"SearchAction\",\"target\":{\"@type\":\"EntryPoint\",\"urlTemplate\":\"https:\\\/\\\/fokustalent.com\\\/?s={search_term_string}\"},\"query-input\":{\"@type\":\"PropertyValueSpecification\",\"valueRequired\":true,\"valueName\":\"search_term_string\"}}],\"inLanguage\":\"en-US\"},{\"@type\":\"Organization\",\"@id\":\"https:\\\/\\\/fokustalent.com\\\/#organization\",\"name\":\"FOKUS Talent\",\"url\":\"https:\\\/\\\/fokustalent.com\\\/\",\"logo\":{\"@type\":\"ImageObject\",\"inLanguage\":\"en-US\",\"@id\":\"https:\\\/\\\/fokustalent.com\\\/#\\\/schema\\\/logo\\\/image\\\/\",\"url\":\"https:\\\/\\\/fokustalent.com\\\/wp-content\\\/uploads\\\/2015\\\/06\\\/cropped-fokus-executive-e1483029068829.png\",\"contentUrl\":\"https:\\\/\\\/fokustalent.com\\\/wp-content\\\/uploads\\\/2015\\\/06\\\/cropped-fokus-executive-e1483029068829.png\",\"width\":1000,\"height\":170,\"caption\":\"FOKUS Talent\"},\"image\":{\"@id\":\"https:\\\/\\\/fokustalent.com\\\/#\\\/schema\\\/logo\\\/image\\\/\"}}]}<\/script>\n<!-- \/ Yoast SEO plugin. -->","yoast_head_json":{"title":"Linkedin 4 - FOKUS Talent","robots":{"index":"index","follow":"follow","max-snippet":"max-snippet:-1","max-image-preview":"max-image-preview:large","max-video-preview":"max-video-preview:-1"},"canonical":"https:\/\/fokustalent.com\/en\/linkedin-4\/","og_locale":"en_US","og_type":"article","og_title":"Linkedin 4 - FOKUS Talent","og_description":"[fusion_builder_container background_color=&#8221;&#8221; background_image=&#8221;&#8221; background_parallax=&#8221;none&#8221; enable_mobile=&#8221;no&#8221; parallax_speed=&#8221;0.3&#8243; background_repeat=&#8221;no-repeat&#8221; background_position=&#8221;left top&#8221; video_url=&#8221;&#8221; video_aspect_ratio=&#8221;16:9&#8243; video_webm=&#8221;&#8221; video_mp4=&#8221;&#8221; video_ogv=&#8221;&#8221; video_preview_image=&#8221;&#8221; overlay_color=&#8221;&#8221; overlay_opacity=&#8221;0.5&#8243; video_mute=&#8221;yes&#8221; video_loop=&#8221;yes&#8221; fade=&#8221;no&#8221; border_size=&#8221;0px&#8221; border_color=&#8221;&#8221; border_style=&#8221;solid&#8221; padding_top=&#8221;25&#8243; padding_bottom=&#8221;0&#8243; padding_left=&#8221;0&#8243; padding_right=&#8221;0&#8243; hundred_percent=&#8221;no&#8221; equal_height_columns=&#8221;no&#8221; hide_on_mobile=&#8221;no&#8221; menu_anchor=&#8221;&#8221; class=&#8221;&#8221; id=&#8221;&#8221;][fusion_builder_row][fusion_builder_column type=&#8221;1_1&#8243; background_position=&#8221;left top&#8221; background_color=&#8221;&#8221; border_size=&#8221;&#8221; border_color=&#8221;&#8221; border_style=&#8221;solid&#8221; spacing=&#8221;yes&#8221; background_image=&#8221;&#8221; background_repeat=&#8221;no-repeat&#8221; padding=&#8221;&#8221; margin_top=&#8221;0px&#8221; margin_bottom=&#8221;0px&#8221; class=&#8221;&#8221; id=&#8221;&#8221; animation_type=&#8221;&#8221; animation_speed=&#8221;0.3&#8243; animation_direction=&#8221;left&#8221; hide_on_mobile=&#8221;no&#8221; center_content=&#8221;no&#8221; min_height=&#8221;none&#8221;][fusion_text][\/fusion_text][\/fusion_builder_column][\/fusion_builder_row][\/fusion_builder_container][fusion_builder_container hundred_percent=&#8221;yes&#8221; [&hellip;]","og_url":"https:\/\/fokustalent.com\/en\/linkedin-4\/","og_site_name":"FOKUS Talent","article_modified_time":"2016-12-29T15:39:37+00:00","og_image":[{"url":"https:\/\/fokustalent.com\/wp-content\/uploads\/2015\/06\/fokus-executive-300x69.png","type":"","width":"","height":""}],"twitter_card":"summary_large_image","twitter_misc":{"Est. reading time":"4 minutes"},"schema":{"@context":"https:\/\/schema.org","@graph":[{"@type":"WebPage","@id":"https:\/\/fokustalent.com\/en\/linkedin-4\/","url":"https:\/\/fokustalent.com\/en\/linkedin-4\/","name":"Linkedin 4 - FOKUS Talent","isPartOf":{"@id":"https:\/\/fokustalent.com\/#website"},"primaryImageOfPage":{"@id":"https:\/\/fokustalent.com\/en\/linkedin-4\/#primaryimage"},"image":{"@id":"https:\/\/fokustalent.com\/en\/linkedin-4\/#primaryimage"},"thumbnailUrl":"https:\/\/fokustalent.com\/wp-content\/uploads\/2015\/06\/fokus-executive-300x69.png","datePublished":"2016-11-23T17:48:22+00:00","dateModified":"2016-12-29T15:39:37+00:00","breadcrumb":{"@id":"https:\/\/fokustalent.com\/en\/linkedin-4\/#breadcrumb"},"inLanguage":"en-US","potentialAction":[{"@type":"ReadAction","target":["https:\/\/fokustalent.com\/en\/linkedin-4\/"]}]},{"@type":"ImageObject","inLanguage":"en-US","@id":"https:\/\/fokustalent.com\/en\/linkedin-4\/#primaryimage","url":"https:\/\/fokustalent.com\/wp-content\/uploads\/2015\/06\/fokus-executive-300x69.png","contentUrl":"https:\/\/fokustalent.com\/wp-content\/uploads\/2015\/06\/fokus-executive-300x69.png"},{"@type":"BreadcrumbList","@id":"https:\/\/fokustalent.com\/en\/linkedin-4\/#breadcrumb","itemListElement":[{"@type":"ListItem","position":1,"name":"Home","item":"https:\/\/fokustalent.com\/"},{"@type":"ListItem","position":2,"name":"Linkedin 4"}]},{"@type":"WebSite","@id":"https:\/\/fokustalent.com\/#website","url":"https:\/\/fokustalent.com\/","name":"FOKUS Talent","description":"Recrutement dans la m\u00e9catronique et l&#039;automation","publisher":{"@id":"https:\/\/fokustalent.com\/#organization"},"potentialAction":[{"@type":"SearchAction","target":{"@type":"EntryPoint","urlTemplate":"https:\/\/fokustalent.com\/?s={search_term_string}"},"query-input":{"@type":"PropertyValueSpecification","valueRequired":true,"valueName":"search_term_string"}}],"inLanguage":"en-US"},{"@type":"Organization","@id":"https:\/\/fokustalent.com\/#organization","name":"FOKUS Talent","url":"https:\/\/fokustalent.com\/","logo":{"@type":"ImageObject","inLanguage":"en-US","@id":"https:\/\/fokustalent.com\/#\/schema\/logo\/image\/","url":"https:\/\/fokustalent.com\/wp-content\/uploads\/2015\/06\/cropped-fokus-executive-e1483029068829.png","contentUrl":"https:\/\/fokustalent.com\/wp-content\/uploads\/2015\/06\/cropped-fokus-executive-e1483029068829.png","width":1000,"height":170,"caption":"FOKUS Talent"},"image":{"@id":"https:\/\/fokustalent.com\/#\/schema\/logo\/image\/"}}]}},"_links":{"self":[{"href":"https:\/\/fokustalent.com\/en\/wp-json\/wp\/v2\/pages\/1119","targetHints":{"allow":["GET"]}}],"collection":[{"href":"https:\/\/fokustalent.com\/en\/wp-json\/wp\/v2\/pages"}],"about":[{"href":"https:\/\/fokustalent.com\/en\/wp-json\/wp\/v2\/types\/page"}],"author":[{"embeddable":true,"href":"https:\/\/fokustalent.com\/en\/wp-json\/wp\/v2\/users\/1"}],"replies":[{"embeddable":true,"href":"https:\/\/fokustalent.com\/en\/wp-json\/wp\/v2\/comments?post=1119"}],"version-history":[{"count":2,"href":"https:\/\/fokustalent.com\/en\/wp-json\/wp\/v2\/pages\/1119\/revisions"}],"predecessor-version":[{"id":1155,"href":"https:\/\/fokustalent.com\/en\/wp-json\/wp\/v2\/pages\/1119\/revisions\/1155"}],"wp:attachment":[{"href":"https:\/\/fokustalent.com\/en\/wp-json\/wp\/v2\/media?parent=1119"}],"curies":[{"name":"wp","href":"https:\/\/api.w.org\/{rel}","templated":true}]}}